{"id":9926,"date":"2023-11-01T18:40:15","date_gmt":"2023-11-01T18:40:15","guid":{"rendered":"https:\/\/nishiki-cycle.com\/demo\/?post_type=product&#038;p=9926"},"modified":"2023-12-09T16:38:00","modified_gmt":"2023-12-09T16:38:00","slug":"rolex-datejust-278271-mop-31mm","status":"publish","type":"product","link":"https:\/\/nishiki-cycle.com\/demo\/san-pham\/rolex-datejust-278271-mop-31mm\/","title":{"rendered":"Rolex Datejust 278271 Mop 31mm"},"content":{"rendered":"<p><img fetchpriority=\"high\" decoding=\"async\" class=\"size-medium wp-image-9927 aligncenter\" src=\"https:\/\/nishiki-cycle.com\/demo\/wp-content\/uploads\/2023\/11\/ROLEX-DATEJUST-278271-MOP-31MM-300x300.jpg\" alt=\"\" width=\"300\" height=\"300\" srcset=\"https:\/\/nishiki-cycle.com\/demo\/wp-content\/uploads\/2023\/11\/ROLEX-DATEJUST-278271-MOP-31MM-300x300.jpg 300w, https:\/\/nishiki-cycle.com\/demo\/wp-content\/uploads\/2023\/11\/ROLEX-DATEJUST-278271-MOP-31MM-150x150.jpg 150w, https:\/\/nishiki-cycle.com\/demo\/wp-content\/uploads\/2023\/11\/ROLEX-DATEJUST-278271-MOP-31MM-768x768.jpg 768w, https:\/\/nishiki-cycle.com\/demo\/wp-content\/uploads\/2023\/11\/ROLEX-DATEJUST-278271-MOP-31MM-600x600.jpg 600w, https:\/\/nishiki-cycle.com\/demo\/wp-content\/uploads\/2023\/11\/ROLEX-DATEJUST-278271-MOP-31MM-100x100.jpg 100w, https:\/\/nishiki-cycle.com\/demo\/wp-content\/uploads\/2023\/11\/ROLEX-DATEJUST-278271-MOP-31MM.jpg 1000w\" sizes=\"(max-width: 300px) 100vw, 300px\" \/><\/p>\n<p>Th\u01b0\u01a1ng hi\u1ec7u\u00a0\u0111\u1ed3ng h\u1ed3\u00a0Rolex\u00a0t\u1eeb l\u00e2u\u00a0\u0111\u00e3 h\u1eb1n s\u00e2u v\u00e0o t\u00e2m tr\u00ed c\u1ee7a r\u1ea5t nhi\u1ec1u ng\u01b0\u1eddi. Cho d\u00f9 ng\u00e0nh c\u00f4ng nghi\u1ec7p s\u1ea3n xu\u1ea5t \u0111\u1ed3ng h\u1ed3 c\u00f3 tr\u1ea3i qua bao th\u0103ng tr\u1ea7m th\u00ec c\u00e1i t\u00ean Rolex v\u1eabn lu\u00f4n to\u1ea3 s\u00e1ng v\u00e0 d\u01b0\u1eddng nh\u01b0 th\u01b0\u01a1ng hi\u1ec7u n\u00e0y sinh ra l\u00e0 \u0111\u1ec3 l\u00e0m c\u00e1i m\u1ed1c chinh ph\u1ee5c c\u1ee7a nh\u1eefng gi\u1ea5c m\u01a1, c\u1ee7a nh\u1eefng kh\u00e1t khao, \u0111am m\u00ea ch\u00e1y b\u1ecfng c\u1ee7a m\u1ed9t ng\u01b0\u1eddi \u01b0a chu\u1ed9ng \u0111\u1ed3ng h\u1ed3.<\/p>\n<p>D\u00f2ng s\u1ea3n ph\u1ea9m Datejust v\u1ed1n \u0111\u01b0\u1ee3c xem l\u00e0 bi\u1ec3u t\u01b0\u1ee3ng m\u1eabu m\u1ef1c v\u00e0 s\u1ef1 ch\u00ednh x\u00e1c gi\u1edd gi\u1ea5c ngay t\u1eeb l\u1ea7n \u0111\u1ea7u ti\u00ean ra m\u1eaft v\u00e0o nh\u1eefng n\u0103m 1945. Gi\u1edd \u0111\u00e2y, th\u1ebf h\u1ec7 m\u1edbi c\u1ee7a n\u00f3, s\u1ea3n ph\u1ea9m Rolex Datejust 278271 MOP 31mm xu\u1ea5t hi\u1ec7n v\u1edbi nhi\u1ec1u bi\u1ebfn th\u1ec3 \u1ea5n t\u01b0\u1ee3ng, nhi\u1ec1u l\u1edbp m\u1eb7t s\u1ed1 phong ph\u00fa, \u0111\u1ed9 ho\u00e0n thi\u1ec7n tinh x\u1ea3o kh\u00e1c nhau, \u0111\u1ec3 t\u1eeb \u0111\u00f3 t\u0103ng s\u1ef1 l\u1ef1a ch\u1ecdn th\u00eam cho ng\u01b0\u1eddi y\u00eau th\u00edch th\u01b0\u01a1ng hi\u1ec7u Rolex.<\/p>\n<p>Quay tr\u1edf l\u1ea1i v\u1edbi \u0111\u1ed3ng h\u1ed3 Rolex Datejust 278271 MOP 31mm, m\u1eb7t \u0111\u1ed3ng h\u1ed3 l\u00e0 giao di\u1ec7n \u0111\u1eb7c tr\u01b0ng c\u1ee7a m\u1ed9t chi\u1ebfc \u0111\u1ed3ng h\u1ed3 Rolex, b\u1ed9 ph\u1eadn mang ch\u1ee9c n\u0103ng nh\u1eadn di\u1ec7n v\u00e0 \u0111\u1ea3m b\u1ea3o kh\u1ea3 n\u0103ng hi\u1ec3n th\u1ecb r\u00f5 r\u00e0ng c\u1ee7a \u0111\u1ed3ng h\u1ed3. \u0110\u1eb7c tr\u01b0ng b\u1edfi c\u00e1c v\u1ea1ch d\u1ea5u gi\u1edd ch\u1ea5t li\u1ec7u v\u00e0ng 18k ng\u0103n ch\u1eb7n b\u1ee5i b\u1ea9n, m\u1ed7i m\u1eb7t \u0111\u1ed3ng h\u1ed3 Rolex \u0111\u01b0\u1ee3c thi\u1ebft k\u1ebf v\u00e0 s\u1ea3n xu\u1ea5t, ch\u1ee7 y\u1ebfu b\u1eb1ng ph\u01b0\u01a1ng ph\u00e1p th\u1ee7 c\u00f4ng \u0111\u1ec3 \u0111\u1ea3m b\u1ea3o s\u1ef1 ho\u00e0n h\u1ea3o.<\/p>\n<p>Th\u1ebf h\u1ec7 b\u1ed9 chuy\u1ec3n \u0111\u1ed9ng c\u01a1 h\u1ecdc t\u1ef1 l\u00ean d\u00e2y th\u1ebf h\u1ec7 m\u1edbi \u0111\u01b0\u1ee3c ph\u00e1t tri\u1ec3n v\u00e0 ch\u1ebf t\u00e1c to\u00e0n b\u1ed9 b\u1edfi Rolex. \u0110\u01b0\u1ee3c trang b\u1ecb v\u1edbi m\u1ed9t d\u00e2y t\u00f3c Syloxi b\u1eb1ng silicon, \u0111\u0103ng k\u00ed b\u1eb1ng s\u00e1ng ch\u1ebf b\u1edfi Rolex, mang \u0111\u1ebfn hi\u1ec7u su\u1ea5t b\u1ea5m gi\u1edd tuy\u1ec7t v\u1eddi.<\/p>\n","protected":false},"excerpt":{"rendered":"<ul class=\"list-unstyled\">\n<li><strong>T\u00ecnh tr\u1ea1ng :<\/strong>\u00a0\u0110ang c\u00f2n h\u00e0ng<\/li>\n<li><strong>H\u00e3ng s\u1ea3n xu\u1ea5t :<\/strong>\u00a077<\/li>\n<li><strong>Nam\/N\u1eef :<\/strong>\u00a0N\u1eef<\/li>\n<li><strong>C\u01a1 ch\u1ebf m\u00e1y :<\/strong>\u00a0Automatic<\/li>\n<li><strong>K\u00edch th\u01b0\u1edbc :<\/strong>\u00a031mm<\/li>\n<li><strong>Ch\u1ee9c n\u0103ng :<\/strong>\u00a0Ng\u00e0y, gi\u1edd, ph\u00fat, gi\u00e2y<\/li>\n<li><strong>D\u00e2y \u0111eo :<\/strong>\u00a0Demi Rose Gold<\/li>\n<li><strong>T\u00ecnh tr\u1ea1ng :<\/strong>\u00a0Brand New<\/li>\n<li><strong>Ref :<\/strong>\u00a0278271<\/li>\n<li><strong>Phong c\u00e1ch :<\/strong>\u00a0Tr\u1ebb Trung,Hi\u1ec7n \u0110\u1ea1i<\/li>\n<li><strong>D\u1ef1 tr\u1eef c\u00f3t :<\/strong>\u00a055H<\/li>\n<li><strong>M\u1eb7t \u0111\u1ed3ng h\u1ed3 :<\/strong>\u00a0Sapphire<\/li>\n<li><strong>Kh\u1ea3 n\u0103ng ch\u1ed1ng n\u01b0\u1edbc :<\/strong>\u00a010 ATM<\/li>\n<li><strong>Ch\u1ea5t li\u1ec7u v\u1ecf :<\/strong>\u00a0Demi Rose Gold<\/li>\n<\/ul>\n","protected":false},"featured_media":9927,"comment_status":"open","ping_status":"closed","template":"","meta":[],"product_cat":[242,319],"product_tag":[],"class_list":["post-9926","product","type-product","status-publish","has-post-thumbnail","hentry","product_cat-womens-watches","product_cat-rolex","product_brand-rolex"],"yoast_head":"<!-- This site is optimized with the Yoast SEO plugin v21.6 - https:\/\/yoast.com\/wordpress\/plugins\/seo\/ -->\n<title>Rolex Datejust 278271 Mop 31mm - Phoenix Luxury<\/title>\n<meta name=\"description\" content=\"Rolex Datejust 278271 MOP 31mm c\u00f3 c\u00e1c v\u1ea1ch d\u1ea5u gi\u1edd ch\u1ea5t li\u1ec7u v\u00e0ng 18k ng\u0103n ch\u1eb7n b\u1ee5i b\u1ea9n, \u0111\u1ed9 ho\u00e0n thi\u1ec7n tinh x\u1ea3o kh\u00e1c nhau\" \/>\n<meta name=\"robots\" content=\"index, follow, max-snippet:-1, max-image-preview:large, max-video-preview:-1\" \/>\n<link rel=\"canonical\" href=\"https:\/\/nishiki-cycle.com\/demo\/san-pham\/rolex-datejust-278271-mop-31mm\/\" \/>\n<meta property=\"og:locale\" content=\"vi_VN\" \/>\n<meta property=\"og:type\" content=\"article\" \/>\n<meta property=\"og:title\" content=\"Rolex Datejust 278271 Mop 31mm - Phoenix Luxury\" \/>\n<meta property=\"og:description\" content=\"Rolex Datejust 278271 MOP 31mm c\u00f3 c\u00e1c v\u1ea1ch d\u1ea5u gi\u1edd ch\u1ea5t li\u1ec7u v\u00e0ng 18k ng\u0103n ch\u1eb7n b\u1ee5i b\u1ea9n, \u0111\u1ed9 ho\u00e0n thi\u1ec7n tinh x\u1ea3o kh\u00e1c nhau\" \/>\n<meta property=\"og:url\" content=\"https:\/\/nishiki-cycle.com\/demo\/san-pham\/rolex-datejust-278271-mop-31mm\/\" \/>\n<meta property=\"og:site_name\" content=\"Phoenix Luxury\" \/>\n<meta property=\"article:modified_time\" content=\"2023-12-09T16:38:00+00:00\" \/>\n<meta property=\"og:image\" content=\"https:\/\/nishiki-cycle.com\/demo\/wp-content\/uploads\/2023\/11\/ROLEX-DATEJUST-278271-MOP-31MM.jpg\" \/>\n\t<meta property=\"og:image:width\" content=\"1000\" \/>\n\t<meta property=\"og:image:height\" content=\"1000\" \/>\n\t<meta property=\"og:image:type\" content=\"image\/jpeg\" \/>\n<meta name=\"twitter:card\" content=\"summary_large_image\" \/>\n<meta name=\"twitter:label1\" content=\"\u01af\u1edbc t\u00ednh th\u1eddi gian \u0111\u1ecdc\" \/>\n\t<meta name=\"twitter:data1\" content=\"2 ph\u00fat\" \/>\n<script type=\"application\/ld+json\" class=\"yoast-schema-graph\">{\"@context\":\"https:\/\/schema.org\",\"@graph\":[{\"@type\":\"WebPage\",\"@id\":\"https:\/\/nishiki-cycle.com\/demo\/san-pham\/rolex-datejust-278271-mop-31mm\/\",\"url\":\"https:\/\/nishiki-cycle.com\/demo\/san-pham\/rolex-datejust-278271-mop-31mm\/\",\"name\":\"Rolex Datejust 278271 Mop 31mm - Phoenix Luxury\",\"isPartOf\":{\"@id\":\"https:\/\/nishiki-cycle.com\/demo\/#website\"},\"datePublished\":\"2023-11-01T18:40:15+00:00\",\"dateModified\":\"2023-12-09T16:38:00+00:00\",\"description\":\"Rolex Datejust 278271 MOP 31mm c\u00f3 c\u00e1c v\u1ea1ch d\u1ea5u gi\u1edd ch\u1ea5t li\u1ec7u v\u00e0ng 18k ng\u0103n ch\u1eb7n b\u1ee5i b\u1ea9n, \u0111\u1ed9 ho\u00e0n thi\u1ec7n tinh x\u1ea3o kh\u00e1c nhau\",\"breadcrumb\":{\"@id\":\"https:\/\/nishiki-cycle.com\/demo\/san-pham\/rolex-datejust-278271-mop-31mm\/#breadcrumb\"},\"inLanguage\":\"vi\",\"potentialAction\":[{\"@type\":\"ReadAction\",\"target\":[\"https:\/\/nishiki-cycle.com\/demo\/san-pham\/rolex-datejust-278271-mop-31mm\/\"]}]},{\"@type\":\"BreadcrumbList\",\"@id\":\"https:\/\/nishiki-cycle.com\/demo\/san-pham\/rolex-datejust-278271-mop-31mm\/#breadcrumb\",\"itemListElement\":[{\"@type\":\"ListItem\",\"position\":1,\"name\":\"Trang ch\u1ee7\",\"item\":\"https:\/\/nishiki-cycle.com\/demo\/\"},{\"@type\":\"ListItem\",\"position\":2,\"name\":\"C\u1eeda h\u00e0ng\",\"item\":\"https:\/\/nishiki-cycle.com\/demo\/cua-hang\/\"},{\"@type\":\"ListItem\",\"position\":3,\"name\":\"Rolex Datejust 278271 Mop 31mm\"}]},{\"@type\":\"WebSite\",\"@id\":\"https:\/\/nishiki-cycle.com\/demo\/#website\",\"url\":\"https:\/\/nishiki-cycle.com\/demo\/\",\"name\":\"Phoenix Luxury\",\"description\":\"\",\"potentialAction\":[{\"@type\":\"SearchAction\",\"target\":{\"@type\":\"EntryPoint\",\"urlTemplate\":\"https:\/\/nishiki-cycle.com\/demo\/?s={search_term_string}\"},\"query-input\":\"required name=search_term_string\"}],\"inLanguage\":\"vi\"}]}<\/script>\n<!-- \/ Yoast SEO plugin. -->","yoast_head_json":{"title":"Rolex Datejust 278271 Mop 31mm - Phoenix Luxury","description":"Rolex Datejust 278271 MOP 31mm c\u00f3 c\u00e1c v\u1ea1ch d\u1ea5u gi\u1edd ch\u1ea5t li\u1ec7u v\u00e0ng 18k ng\u0103n ch\u1eb7n b\u1ee5i b\u1ea9n, \u0111\u1ed9 ho\u00e0n thi\u1ec7n tinh x\u1ea3o kh\u00e1c nhau","robots":{"index":"index","follow":"follow","max-snippet":"max-snippet:-1","max-image-preview":"max-image-preview:large","max-video-preview":"max-video-preview:-1"},"canonical":"https:\/\/nishiki-cycle.com\/demo\/san-pham\/rolex-datejust-278271-mop-31mm\/","og_locale":"vi_VN","og_type":"article","og_title":"Rolex Datejust 278271 Mop 31mm - Phoenix Luxury","og_description":"Rolex Datejust 278271 MOP 31mm c\u00f3 c\u00e1c v\u1ea1ch d\u1ea5u gi\u1edd ch\u1ea5t li\u1ec7u v\u00e0ng 18k ng\u0103n ch\u1eb7n b\u1ee5i b\u1ea9n, \u0111\u1ed9 ho\u00e0n thi\u1ec7n tinh x\u1ea3o kh\u00e1c nhau","og_url":"https:\/\/nishiki-cycle.com\/demo\/san-pham\/rolex-datejust-278271-mop-31mm\/","og_site_name":"Phoenix Luxury","article_modified_time":"2023-12-09T16:38:00+00:00","og_image":[{"width":1000,"height":1000,"url":"https:\/\/nishiki-cycle.com\/demo\/wp-content\/uploads\/2023\/11\/ROLEX-DATEJUST-278271-MOP-31MM.jpg","type":"image\/jpeg"}],"twitter_card":"summary_large_image","twitter_misc":{"\u01af\u1edbc t\u00ednh th\u1eddi gian \u0111\u1ecdc":"2 ph\u00fat"},"schema":{"@context":"https:\/\/schema.org","@graph":[{"@type":"WebPage","@id":"https:\/\/nishiki-cycle.com\/demo\/san-pham\/rolex-datejust-278271-mop-31mm\/","url":"https:\/\/nishiki-cycle.com\/demo\/san-pham\/rolex-datejust-278271-mop-31mm\/","name":"Rolex Datejust 278271 Mop 31mm - Phoenix Luxury","isPartOf":{"@id":"https:\/\/nishiki-cycle.com\/demo\/#website"},"datePublished":"2023-11-01T18:40:15+00:00","dateModified":"2023-12-09T16:38:00+00:00","description":"Rolex Datejust 278271 MOP 31mm c\u00f3 c\u00e1c v\u1ea1ch d\u1ea5u gi\u1edd ch\u1ea5t li\u1ec7u v\u00e0ng 18k ng\u0103n ch\u1eb7n b\u1ee5i b\u1ea9n, \u0111\u1ed9 ho\u00e0n thi\u1ec7n tinh x\u1ea3o kh\u00e1c nhau","breadcrumb":{"@id":"https:\/\/nishiki-cycle.com\/demo\/san-pham\/rolex-datejust-278271-mop-31mm\/#breadcrumb"},"inLanguage":"vi","potentialAction":[{"@type":"ReadAction","target":["https:\/\/nishiki-cycle.com\/demo\/san-pham\/rolex-datejust-278271-mop-31mm\/"]}]},{"@type":"BreadcrumbList","@id":"https:\/\/nishiki-cycle.com\/demo\/san-pham\/rolex-datejust-278271-mop-31mm\/#breadcrumb","itemListElement":[{"@type":"ListItem","position":1,"name":"Trang ch\u1ee7","item":"https:\/\/nishiki-cycle.com\/demo\/"},{"@type":"ListItem","position":2,"name":"C\u1eeda h\u00e0ng","item":"https:\/\/nishiki-cycle.com\/demo\/cua-hang\/"},{"@type":"ListItem","position":3,"name":"Rolex Datejust 278271 Mop 31mm"}]},{"@type":"WebSite","@id":"https:\/\/nishiki-cycle.com\/demo\/#website","url":"https:\/\/nishiki-cycle.com\/demo\/","name":"Phoenix Luxury","description":"","potentialAction":[{"@type":"SearchAction","target":{"@type":"EntryPoint","urlTemplate":"https:\/\/nishiki-cycle.com\/demo\/?s={search_term_string}"},"query-input":"required name=search_term_string"}],"inLanguage":"vi"}]}},"_links":{"self":[{"href":"https:\/\/nishiki-cycle.com\/demo\/wp-json\/wp\/v2\/product\/9926","targetHints":{"allow":["GET"]}}],"collection":[{"href":"https:\/\/nishiki-cycle.com\/demo\/wp-json\/wp\/v2\/product"}],"about":[{"href":"https:\/\/nishiki-cycle.com\/demo\/wp-json\/wp\/v2\/types\/product"}],"replies":[{"embeddable":true,"href":"https:\/\/nishiki-cycle.com\/demo\/wp-json\/wp\/v2\/comments?post=9926"}],"wp:featuredmedia":[{"embeddable":true,"href":"https:\/\/nishiki-cycle.com\/demo\/wp-json\/wp\/v2\/media\/9927"}],"wp:attachment":[{"href":"https:\/\/nishiki-cycle.com\/demo\/wp-json\/wp\/v2\/media?parent=9926"}],"wp:term":[{"taxonomy":"product_cat","embeddable":true,"href":"https:\/\/nishiki-cycle.com\/demo\/wp-json\/wp\/v2\/product_cat?post=9926"},{"taxonomy":"product_tag","embeddable":true,"href":"https:\/\/nishiki-cycle.com\/demo\/wp-json\/wp\/v2\/product_tag?post=9926"}],"curies":[{"name":"wp","href":"https:\/\/api.w.org\/{rel}","templated":true}]}}