{"id":9956,"date":"2023-11-02T16:00:49","date_gmt":"2023-11-02T16:00:49","guid":{"rendered":"https:\/\/nishiki-cycle.com\/demo\/?post_type=product&#038;p=9956"},"modified":"2023-12-09T16:36:38","modified_gmt":"2023-12-09T16:36:38","slug":"rolex-datejust-278271-chocolate-roman-vi-jubilee-31mm","status":"publish","type":"product","link":"https:\/\/nishiki-cycle.com\/demo\/san-pham\/rolex-datejust-278271-chocolate-roman-vi-jubilee-31mm\/","title":{"rendered":"Rolex Datejust 278271 Chocolate Roman VI Jubilee 31mm"},"content":{"rendered":"<p><img fetchpriority=\"high\" decoding=\"async\" class=\"size-medium wp-image-9958 aligncenter\" src=\"https:\/\/nishiki-cycle.com\/demo\/wp-content\/uploads\/2023\/11\/ROLEX-DATEJUST-278271-CHOCOLATE-ROMAN-VI-JUBILEE-31MM-300x300.jpg\" alt=\"\" width=\"300\" height=\"300\" srcset=\"https:\/\/nishiki-cycle.com\/demo\/wp-content\/uploads\/2023\/11\/ROLEX-DATEJUST-278271-CHOCOLATE-ROMAN-VI-JUBILEE-31MM-300x300.jpg 300w, https:\/\/nishiki-cycle.com\/demo\/wp-content\/uploads\/2023\/11\/ROLEX-DATEJUST-278271-CHOCOLATE-ROMAN-VI-JUBILEE-31MM-150x150.jpg 150w, https:\/\/nishiki-cycle.com\/demo\/wp-content\/uploads\/2023\/11\/ROLEX-DATEJUST-278271-CHOCOLATE-ROMAN-VI-JUBILEE-31MM-768x768.jpg 768w, https:\/\/nishiki-cycle.com\/demo\/wp-content\/uploads\/2023\/11\/ROLEX-DATEJUST-278271-CHOCOLATE-ROMAN-VI-JUBILEE-31MM-600x600.jpg 600w, https:\/\/nishiki-cycle.com\/demo\/wp-content\/uploads\/2023\/11\/ROLEX-DATEJUST-278271-CHOCOLATE-ROMAN-VI-JUBILEE-31MM-100x100.jpg 100w, https:\/\/nishiki-cycle.com\/demo\/wp-content\/uploads\/2023\/11\/ROLEX-DATEJUST-278271-CHOCOLATE-ROMAN-VI-JUBILEE-31MM.jpg 1024w\" sizes=\"(max-width: 300px) 100vw, 300px\" \/><\/p>\n<p>Rolex Datejust 278271 Chocolate Roman VI Jubilee 31mm M\u1eb6T \u0110\u1ed2NG H\u1ed2 M\u00c0U S\u00d4-C\u00d4-LA. M\u1eb7t \u0111\u1ed3ng h\u1ed3 \u0111i k\u00e8m s\u1ed1 \u2018VI\u2019 c\u1ee1 l\u1edbn n\u1ea1m 11 vi\u00ean kim c\u01b0\u01a1ng. Hi\u1ec7u \u1ee9ng tia m\u1eb7t tr\u1eddi t\u1ea1o ra s\u1ef1 ph\u1ea3n chi\u1ebfu \u00e1nh s\u00e1ng tinh t\u1ebf tr\u00ean nhi\u1ec1u m\u1eabu m\u1eb7t \u0111\u1ed3ng h\u1ed3 c\u1ee7a b\u1ed9 s\u01b0u t\u1eadp Oyster Perpetual. Ph\u01b0\u01a1ng ph\u00e1p s\u1eed d\u1ee5ng c\u00e1c k\u1ef9 thu\u1eadt ch\u1ea3i th\u00e0nh th\u1ea1o t\u1ea1o ra c\u00e1c r\u00e3nh h\u01b0\u1edbng t\u1eeb trung t\u00e2m c\u1ee7a m\u1eb7t \u0111\u1ed3ng h\u1ed3 ra ngo\u00e0i. \u00c1nh s\u00e1ng \u0111\u01b0\u1ee3c khu\u1ebfch t\u00e1n nh\u1ea5t qu\u00e1n d\u1ecdc theo t\u1eebng b\u1ea3n kh\u1eafc, t\u1ea1o n\u00ean s\u1eafc th\u00e1i huy\u1ec1n \u1ea3o, tinh t\u1ebf \u0111\u1eb7c tr\u01b0ng theo di chuy\u1ec3n c\u1ee7a c\u1ed5 tay. Sau khi ho\u00e0n thi\u1ec7n hi\u1ec7u \u1ee9ng tia m\u1eb7t tr\u1eddi, m\u00e0u s\u1eafc c\u1ee7a m\u1eb7t \u0111\u1ed3ng h\u1ed3 \u0111\u01b0\u1ee3c ph\u1ee7 b\u1eb1ng c\u00e1ch \u1ee9ng d\u1ee5ng c\u00f4ng ngh\u1ec7 PVD (C\u00f4ng ngh\u1ec7 m\u1ea1 ch\u00e2n kh\u00f4ng) ho\u1eb7c m\u1ea1 \u0111i\u1ec7n. M\u1ed9t l\u1edbp s\u01a1n b\u00f3ng nh\u1eb9 l\u00e0 l\u1edbp ph\u1ee7 cu\u1ed1i c\u00f9ng c\u1ee7a m\u1eb7t \u0111\u1ed3ng h\u1ed3.<\/p>\n<p>Rolex Datejust 278271 Chocolate Roman VI Jubilee 31mm V\u00c0NH KH\u00cdA, D\u1ea5u hi\u1ec7u \u0111\u1eb7c tr\u01b0ng c\u1ee7a Rolex. V\u00e0nh kh\u00eda Rolex l\u00e0 d\u1ea5u \u1ea5n c\u1ee7a s\u1ef1 kh\u00e1c bi\u1ec7t. Ban \u0111\u1ea7u, c\u00e1c kh\u00eda tr\u00ean v\u00e0nh \u0111\u1ed3ng h\u1ed3 Oyster \u0111\u01b0\u1ee3c t\u1ea1o ra \u0111\u1ec3 si\u1ebft ch\u1eb7t v\u00e0nh \u0111\u1ed3ng h\u1ed3 v\u1edbi v\u1ecf \u0111\u1ed3ng h\u1ed3 m\u1ed9t c\u00e1ch d\u1ec5 d\u00e0ng, nh\u1eb1m \u0111\u1ea3m b\u1ea3o ch\u1ed1ng th\u1ea5m n\u01b0\u1edbc tuy\u1ec7t \u0111\u1ed1i cho \u0111\u1ed3ng h\u1ed3. Thi\u1ebft k\u1ebf t\u01b0\u01a1ng \u0111\u1ed3ng v\u1edbi kh\u00eda tr\u00ean n\u1eafp l\u01b0ng \u0111\u1ed3ng h\u1ed3 \u0111\u01b0\u1ee3c v\u00edt ch\u1eb7t v\u1edbi v\u1ecf \u0111\u1ed3ng h\u1ed3 gi\u00fap ch\u1ed1ng th\u1ea5m n\u01b0\u1edbc nh\u1edd c\u00f4ng c\u1ee5 \u0111\u1eb7c bi\u1ec7t c\u1ee7a Rolex. Theo th\u1eddi gian, thi\u1ebft k\u1ebf kh\u00eda \u0111\u00e3 tr\u1edf th\u00e0nh m\u1ed9t chi ti\u1ebft c\u00f3 t\u00ednh th\u1ea9m m\u1ef9 cao, x\u1ee9ng \u0111\u00e1ng l\u00e0 b\u1ed9 ph\u1eadn n\u1ed5i b\u1eadt mang phong c\u00e1ch Rolex. Ng\u00e0y nay, v\u00e0nh kh\u00eda \u0111\u01b0\u1ee3c l\u00e0m b\u1eb1ng v\u00e0ng v\u00e0 tr\u1edf th\u00e0nh \u0111i\u1ec3m nh\u1ea5n ri\u00eang tr\u00ean m\u1eabu Datejust 31 n\u00e0y.<\/p>\n<p>Rolex Datejust 278271 Chocolate Roman VI Jubilee 31mm Cu\u1ed9c h\u1ed9i ng\u1ed9 c\u1ee7a hai kim lo\u1ea1i. V\u00e0ng \u0111\u01b0\u1ee3c \u01b0a chu\u1ed9ng b\u1edfi s\u1ef1 l\u1ea5p l\u00e1nh v\u00e0 sang qu\u00fd. Th\u00e9p c\u1ee7ng c\u1ed1 s\u1ee9c m\u1ea1nh v\u00e0 \u0111\u1ed9 tin c\u1eady. Ch\u00fang k\u1ebft h\u1ee3p h\u00e0i h\u00f2a c\u00e1c \u0111\u1eb7c t\u00ednh t\u1ed1t nh\u1ea5t c\u1ee7a m\u00ecnh v\u1edbi nhau. \u0110\u1ea1i di\u1ec7n cho m\u1ed9t d\u1ea5u \u1ea5n b\u1ea3n s\u1eafc c\u1ee7a Rolex, Rolesor \u0111\u00e3 c\u00f3 trong c\u00e1c m\u1eabu \u0111\u1ed3ng h\u1ed3 Rolex k\u1ec3 t\u1eeb \u0111\u1ea7u th\u1eadp ni\u00ean 1930, v\u00e0 \u0111\u01b0\u1ee3c \u0111\u0103ng k\u00fd nh\u00e3n hi\u1ec7u t\u1eeb n\u0103m 1933. \u0110\u00e2y l\u00e0 m\u1ed9t trong s\u1ed1 nh\u1eefng tr\u1ee5 c\u1ed9t n\u1ed5i b\u1eadt c\u1ee7a b\u1ed9 s\u01b0u t\u1eadp Oyster.<\/p>\n<p>Rolex Datejust 278271 Chocolate Roman VI Jubilee 31mm D\u00c2Y \u0110EO JUBILEE, M\u1ec1m m\u1ea1i v\u00e0 tho\u1ea3i m\u00e1i. Vi\u1ec7c thi\u1ebft k\u1ebf, ph\u00e1t tri\u1ec3n v\u00e0 s\u1ea3n xu\u1ea5t d\u00e2y \u0111eo Rolex v\u00e0 kh\u00f3a c\u00e0i, c\u0169ng nh\u01b0 c\u00e1c b\u00e0i ki\u1ec3m tra nghi\u00eam ng\u1eb7t ch\u00fang ph\u1ea3i \u0111\u1ed1i m\u1eb7t, \u0111\u00f2i h\u1ecfi ph\u1ea3i \u1ee9ng d\u1ee5ng c\u00f4ng ngh\u1ec7 cao. V\u00e0 v\u1edbi m\u1ecdi b\u1ed9 ph\u1eadn c\u1ee7a \u0111\u1ed3ng h\u1ed3, t\u00ednh th\u1ea9m m\u1ef9 \u0111\u01b0\u1ee3c \u0111\u1ea3m b\u1ea3o d\u01b0\u1edbi con m\u1eaft chuy\u00ean gia. D\u00e2y \u0111eo \u0111\u1ed3ng h\u1ed3 kim lo\u1ea1i Jubilee c\u00f3 thi\u1ebft k\u1ebf m\u1ec1m m\u1ea1i v\u00e0 tho\u1ea3i m\u00e1i v\u1edbi m\u1ed1i n\u1ed1i n\u0103m m\u1ea3nh v\u00e0 \u0111\u01b0\u1ee3c \u0111\u1eb7c bi\u1ec7t ch\u1ebf t\u00e1c cho s\u1ef1 ra m\u1eaft c\u1ee7a Oyster Perpetual Datejust v\u00e0o n\u0103m 1945.<\/p>\n","protected":false},"excerpt":{"rendered":"<ul class=\"list-unstyled\">\n<li><strong>T\u00ecnh tr\u1ea1ng :<\/strong>\u00a0\u0110ang c\u00f2n h\u00e0ng<\/li>\n<li><strong>H\u00e3ng s\u1ea3n xu\u1ea5t :<\/strong>\u00a077<\/li>\n<li><strong>Nam\/N\u1eef :<\/strong>\u00a0N\u1eef<\/li>\n<li><strong>C\u01a1 ch\u1ebf m\u00e1y :<\/strong>\u00a0Automatic<\/li>\n<li><strong>K\u00edch th\u01b0\u1edbc :<\/strong>\u00a031mm<\/li>\n<li><strong>Ch\u1ee9c n\u0103ng :<\/strong>\u00a0Ng\u00e0y, gi\u1edd, ph\u00fat, gi\u00e2y<\/li>\n<li><strong>D\u00e2y \u0111eo :<\/strong>\u00a0Demi Rose Gold<\/li>\n<li><strong>T\u00ecnh tr\u1ea1ng :<\/strong>\u00a0Brand New<\/li>\n<li><strong>Ref :<\/strong>\u00a0278271-0004<\/li>\n<li><strong>Phong c\u00e1ch :<\/strong>\u00a0Tr\u1ebb Trung,Hi\u1ec7n \u0110\u1ea1i<\/li>\n<li><strong>D\u1ef1 tr\u1eef c\u00f3t :<\/strong>\u00a055H<\/li>\n<li><strong>M\u1eb7t \u0111\u1ed3ng h\u1ed3 :<\/strong>\u00a0Sapphire<\/li>\n<li><strong>Kh\u1ea3 n\u0103ng ch\u1ed1ng n\u01b0\u1edbc :<\/strong>\u00a010 ATM<\/li>\n<li><strong>Ch\u1ea5t li\u1ec7u v\u1ecf :<\/strong>\u00a0Demi Rose Gold<\/li>\n<\/ul>\n","protected":false},"featured_media":9958,"comment_status":"open","ping_status":"closed","template":"","meta":[],"product_cat":[242,319],"product_tag":[],"class_list":["post-9956","product","type-product","status-publish","has-post-thumbnail","hentry","product_cat-womens-watches","product_cat-rolex","product_brand-rolex"],"yoast_head":"<!-- This site is optimized with the Yoast SEO plugin v21.6 - https:\/\/yoast.com\/wordpress\/plugins\/seo\/ -->\n<title>Rolex Datejust 278271 Chocolate Roman VI Jubilee 31mm - Phoenix Luxury<\/title>\n<meta name=\"description\" content=\"Rolex Datejust 278271 Chocolate Roman VI Jubilee 31mm c\u00f3 m\u1eb7t \u0111\u1ed3ng h\u1ed3 m\u00e0u chocolate, v\u00e0nh kh\u00eda k\u1ebft h\u1ee3p v\u1edbi d\u00e2y \u0111eo Jubilee\" \/>\n<meta name=\"robots\" content=\"index, follow, max-snippet:-1, max-image-preview:large, max-video-preview:-1\" \/>\n<link rel=\"canonical\" href=\"https:\/\/nishiki-cycle.com\/demo\/san-pham\/rolex-datejust-278271-chocolate-roman-vi-jubilee-31mm\/\" \/>\n<meta property=\"og:locale\" content=\"vi_VN\" \/>\n<meta property=\"og:type\" content=\"article\" \/>\n<meta property=\"og:title\" content=\"Rolex Datejust 278271 Chocolate Roman VI Jubilee 31mm - Phoenix Luxury\" \/>\n<meta property=\"og:description\" content=\"Rolex Datejust 278271 Chocolate Roman VI Jubilee 31mm c\u00f3 m\u1eb7t \u0111\u1ed3ng h\u1ed3 m\u00e0u chocolate, v\u00e0nh kh\u00eda k\u1ebft h\u1ee3p v\u1edbi d\u00e2y \u0111eo Jubilee\" \/>\n<meta property=\"og:url\" content=\"https:\/\/nishiki-cycle.com\/demo\/san-pham\/rolex-datejust-278271-chocolate-roman-vi-jubilee-31mm\/\" \/>\n<meta property=\"og:site_name\" content=\"Phoenix Luxury\" \/>\n<meta property=\"article:modified_time\" content=\"2023-12-09T16:36:38+00:00\" \/>\n<meta property=\"og:image\" content=\"https:\/\/nishiki-cycle.com\/demo\/wp-content\/uploads\/2023\/11\/ROLEX-DATEJUST-278271-CHOCOLATE-ROMAN-VI-JUBILEE-31MM.jpg\" \/>\n\t<meta property=\"og:image:width\" content=\"1024\" \/>\n\t<meta property=\"og:image:height\" content=\"1024\" \/>\n\t<meta property=\"og:image:type\" content=\"image\/jpeg\" \/>\n<meta name=\"twitter:card\" content=\"summary_large_image\" \/>\n<meta name=\"twitter:label1\" content=\"\u01af\u1edbc t\u00ednh th\u1eddi gian \u0111\u1ecdc\" \/>\n\t<meta name=\"twitter:data1\" content=\"3 ph\u00fat\" \/>\n<script type=\"application\/ld+json\" class=\"yoast-schema-graph\">{\"@context\":\"https:\/\/schema.org\",\"@graph\":[{\"@type\":\"WebPage\",\"@id\":\"https:\/\/nishiki-cycle.com\/demo\/san-pham\/rolex-datejust-278271-chocolate-roman-vi-jubilee-31mm\/\",\"url\":\"https:\/\/nishiki-cycle.com\/demo\/san-pham\/rolex-datejust-278271-chocolate-roman-vi-jubilee-31mm\/\",\"name\":\"Rolex Datejust 278271 Chocolate Roman VI Jubilee 31mm - Phoenix Luxury\",\"isPartOf\":{\"@id\":\"https:\/\/nishiki-cycle.com\/demo\/#website\"},\"datePublished\":\"2023-11-02T16:00:49+00:00\",\"dateModified\":\"2023-12-09T16:36:38+00:00\",\"description\":\"Rolex Datejust 278271 Chocolate Roman VI Jubilee 31mm c\u00f3 m\u1eb7t \u0111\u1ed3ng h\u1ed3 m\u00e0u chocolate, v\u00e0nh kh\u00eda k\u1ebft h\u1ee3p v\u1edbi d\u00e2y \u0111eo Jubilee\",\"breadcrumb\":{\"@id\":\"https:\/\/nishiki-cycle.com\/demo\/san-pham\/rolex-datejust-278271-chocolate-roman-vi-jubilee-31mm\/#breadcrumb\"},\"inLanguage\":\"vi\",\"potentialAction\":[{\"@type\":\"ReadAction\",\"target\":[\"https:\/\/nishiki-cycle.com\/demo\/san-pham\/rolex-datejust-278271-chocolate-roman-vi-jubilee-31mm\/\"]}]},{\"@type\":\"BreadcrumbList\",\"@id\":\"https:\/\/nishiki-cycle.com\/demo\/san-pham\/rolex-datejust-278271-chocolate-roman-vi-jubilee-31mm\/#breadcrumb\",\"itemListElement\":[{\"@type\":\"ListItem\",\"position\":1,\"name\":\"Trang ch\u1ee7\",\"item\":\"https:\/\/nishiki-cycle.com\/demo\/\"},{\"@type\":\"ListItem\",\"position\":2,\"name\":\"C\u1eeda h\u00e0ng\",\"item\":\"https:\/\/nishiki-cycle.com\/demo\/cua-hang\/\"},{\"@type\":\"ListItem\",\"position\":3,\"name\":\"Rolex Datejust 278271 Chocolate Roman VI Jubilee 31mm\"}]},{\"@type\":\"WebSite\",\"@id\":\"https:\/\/nishiki-cycle.com\/demo\/#website\",\"url\":\"https:\/\/nishiki-cycle.com\/demo\/\",\"name\":\"Phoenix Luxury\",\"description\":\"\",\"potentialAction\":[{\"@type\":\"SearchAction\",\"target\":{\"@type\":\"EntryPoint\",\"urlTemplate\":\"https:\/\/nishiki-cycle.com\/demo\/?s={search_term_string}\"},\"query-input\":\"required name=search_term_string\"}],\"inLanguage\":\"vi\"}]}<\/script>\n<!-- \/ Yoast SEO plugin. -->","yoast_head_json":{"title":"Rolex Datejust 278271 Chocolate Roman VI Jubilee 31mm - Phoenix Luxury","description":"Rolex Datejust 278271 Chocolate Roman VI Jubilee 31mm c\u00f3 m\u1eb7t \u0111\u1ed3ng h\u1ed3 m\u00e0u chocolate, v\u00e0nh kh\u00eda k\u1ebft h\u1ee3p v\u1edbi d\u00e2y \u0111eo Jubilee","robots":{"index":"index","follow":"follow","max-snippet":"max-snippet:-1","max-image-preview":"max-image-preview:large","max-video-preview":"max-video-preview:-1"},"canonical":"https:\/\/nishiki-cycle.com\/demo\/san-pham\/rolex-datejust-278271-chocolate-roman-vi-jubilee-31mm\/","og_locale":"vi_VN","og_type":"article","og_title":"Rolex Datejust 278271 Chocolate Roman VI Jubilee 31mm - Phoenix Luxury","og_description":"Rolex Datejust 278271 Chocolate Roman VI Jubilee 31mm c\u00f3 m\u1eb7t \u0111\u1ed3ng h\u1ed3 m\u00e0u chocolate, v\u00e0nh kh\u00eda k\u1ebft h\u1ee3p v\u1edbi d\u00e2y \u0111eo Jubilee","og_url":"https:\/\/nishiki-cycle.com\/demo\/san-pham\/rolex-datejust-278271-chocolate-roman-vi-jubilee-31mm\/","og_site_name":"Phoenix Luxury","article_modified_time":"2023-12-09T16:36:38+00:00","og_image":[{"width":1024,"height":1024,"url":"https:\/\/nishiki-cycle.com\/demo\/wp-content\/uploads\/2023\/11\/ROLEX-DATEJUST-278271-CHOCOLATE-ROMAN-VI-JUBILEE-31MM.jpg","type":"image\/jpeg"}],"twitter_card":"summary_large_image","twitter_misc":{"\u01af\u1edbc t\u00ednh th\u1eddi gian \u0111\u1ecdc":"3 ph\u00fat"},"schema":{"@context":"https:\/\/schema.org","@graph":[{"@type":"WebPage","@id":"https:\/\/nishiki-cycle.com\/demo\/san-pham\/rolex-datejust-278271-chocolate-roman-vi-jubilee-31mm\/","url":"https:\/\/nishiki-cycle.com\/demo\/san-pham\/rolex-datejust-278271-chocolate-roman-vi-jubilee-31mm\/","name":"Rolex Datejust 278271 Chocolate Roman VI Jubilee 31mm - Phoenix Luxury","isPartOf":{"@id":"https:\/\/nishiki-cycle.com\/demo\/#website"},"datePublished":"2023-11-02T16:00:49+00:00","dateModified":"2023-12-09T16:36:38+00:00","description":"Rolex Datejust 278271 Chocolate Roman VI Jubilee 31mm c\u00f3 m\u1eb7t \u0111\u1ed3ng h\u1ed3 m\u00e0u chocolate, v\u00e0nh kh\u00eda k\u1ebft h\u1ee3p v\u1edbi d\u00e2y \u0111eo Jubilee","breadcrumb":{"@id":"https:\/\/nishiki-cycle.com\/demo\/san-pham\/rolex-datejust-278271-chocolate-roman-vi-jubilee-31mm\/#breadcrumb"},"inLanguage":"vi","potentialAction":[{"@type":"ReadAction","target":["https:\/\/nishiki-cycle.com\/demo\/san-pham\/rolex-datejust-278271-chocolate-roman-vi-jubilee-31mm\/"]}]},{"@type":"BreadcrumbList","@id":"https:\/\/nishiki-cycle.com\/demo\/san-pham\/rolex-datejust-278271-chocolate-roman-vi-jubilee-31mm\/#breadcrumb","itemListElement":[{"@type":"ListItem","position":1,"name":"Trang ch\u1ee7","item":"https:\/\/nishiki-cycle.com\/demo\/"},{"@type":"ListItem","position":2,"name":"C\u1eeda h\u00e0ng","item":"https:\/\/nishiki-cycle.com\/demo\/cua-hang\/"},{"@type":"ListItem","position":3,"name":"Rolex Datejust 278271 Chocolate Roman VI Jubilee 31mm"}]},{"@type":"WebSite","@id":"https:\/\/nishiki-cycle.com\/demo\/#website","url":"https:\/\/nishiki-cycle.com\/demo\/","name":"Phoenix Luxury","description":"","potentialAction":[{"@type":"SearchAction","target":{"@type":"EntryPoint","urlTemplate":"https:\/\/nishiki-cycle.com\/demo\/?s={search_term_string}"},"query-input":"required name=search_term_string"}],"inLanguage":"vi"}]}},"_links":{"self":[{"href":"https:\/\/nishiki-cycle.com\/demo\/wp-json\/wp\/v2\/product\/9956","targetHints":{"allow":["GET"]}}],"collection":[{"href":"https:\/\/nishiki-cycle.com\/demo\/wp-json\/wp\/v2\/product"}],"about":[{"href":"https:\/\/nishiki-cycle.com\/demo\/wp-json\/wp\/v2\/types\/product"}],"replies":[{"embeddable":true,"href":"https:\/\/nishiki-cycle.com\/demo\/wp-json\/wp\/v2\/comments?post=9956"}],"wp:featuredmedia":[{"embeddable":true,"href":"https:\/\/nishiki-cycle.com\/demo\/wp-json\/wp\/v2\/media\/9958"}],"wp:attachment":[{"href":"https:\/\/nishiki-cycle.com\/demo\/wp-json\/wp\/v2\/media?parent=9956"}],"wp:term":[{"taxonomy":"product_cat","embeddable":true,"href":"https:\/\/nishiki-cycle.com\/demo\/wp-json\/wp\/v2\/product_cat?post=9956"},{"taxonomy":"product_tag","embeddable":true,"href":"https:\/\/nishiki-cycle.com\/demo\/wp-json\/wp\/v2\/product_tag?post=9956"}],"curies":[{"name":"wp","href":"https:\/\/api.w.org\/{rel}","templated":true}]}}