{"id":9988,"date":"2023-11-02T16:43:42","date_gmt":"2023-11-02T16:43:42","guid":{"rendered":"https:\/\/nishiki-cycle.com\/demo\/?post_type=product&#038;p=9988"},"modified":"2023-12-09T16:34:17","modified_gmt":"2023-12-09T16:34:17","slug":"hublot-classic-fusion-titanium-42mm-black-day-da","status":"publish","type":"product","link":"https:\/\/nishiki-cycle.com\/demo\/san-pham\/hublot-classic-fusion-titanium-42mm-black-day-da\/","title":{"rendered":"Hublot Classic Fusion Titanium 42mm Black D\u00e2y Da"},"content":{"rendered":"<p><img fetchpriority=\"high\" decoding=\"async\" class=\"size-medium wp-image-9989 aligncenter\" src=\"https:\/\/nishiki-cycle.com\/demo\/wp-content\/uploads\/2023\/11\/HUBLOT-CLASSIC-FUSION-TITANIUM-42MM-BLACK-DAY-DA-300x300.jpg\" alt=\"\" width=\"300\" height=\"300\" srcset=\"https:\/\/nishiki-cycle.com\/demo\/wp-content\/uploads\/2023\/11\/HUBLOT-CLASSIC-FUSION-TITANIUM-42MM-BLACK-DAY-DA-300x300.jpg 300w, https:\/\/nishiki-cycle.com\/demo\/wp-content\/uploads\/2023\/11\/HUBLOT-CLASSIC-FUSION-TITANIUM-42MM-BLACK-DAY-DA-150x150.jpg 150w, https:\/\/nishiki-cycle.com\/demo\/wp-content\/uploads\/2023\/11\/HUBLOT-CLASSIC-FUSION-TITANIUM-42MM-BLACK-DAY-DA-768x768.jpg 768w, https:\/\/nishiki-cycle.com\/demo\/wp-content\/uploads\/2023\/11\/HUBLOT-CLASSIC-FUSION-TITANIUM-42MM-BLACK-DAY-DA-600x600.jpg 600w, https:\/\/nishiki-cycle.com\/demo\/wp-content\/uploads\/2023\/11\/HUBLOT-CLASSIC-FUSION-TITANIUM-42MM-BLACK-DAY-DA-100x100.jpg 100w, https:\/\/nishiki-cycle.com\/demo\/wp-content\/uploads\/2023\/11\/HUBLOT-CLASSIC-FUSION-TITANIUM-42MM-BLACK-DAY-DA.jpg 1000w\" sizes=\"(max-width: 300px) 100vw, 300px\" \/><\/p>\n<p>Hublot Classic Fusion Titanium 42mm l\u00e0 s\u1ef1 dung h\u00f2a gi\u1eefa nh\u1eefng y\u1ebfu t\u1ed1 th\u1ea9m m\u1ef9 lu\u00f4n h\u1ee3p th\u1eddi c\u00f9ng nh\u1eefng t\u00ednh n\u0103ng thi\u1ebft y\u1ebfu nh\u1ea5t \u0111\u1ebfn v\u1edbi ng\u01b0\u1eddi \u0111eo. M\u1eb7t s\u1ed1 m\u00e0u \u0111en huy\u1ec1n b\u00ed \u0111\u01b0\u1ee3c k\u1ebft h\u1ee3p c\u00f9ng b\u1ed9 v\u1ecf titanium mang \u0111\u1ebfn m\u1ed9t \u0111i\u1ec3m nh\u1ea5n ho\u00e0n m\u1ef9 khi\u1ebfn ng\u01b0\u1eddi nh\u00ecn ch\u1eb3ng th\u1ec3 n\u00e0o r\u1eddi m\u1eaft.<\/p>\n<p>Hublot Classic Fusion Titanium 42mm l\u00e0 m\u1ed9t trong nh\u1eefng chi\u1ebfc \u0111\u1ed3ng h\u1ed3 thu\u1ed9c b\u1ed9 s\u01b0u t\u1eadp \u0111\u1ed3ng h\u1ed3 Classic Fusion. D\u00f2ng DNA c\u1ee7a b\u1ed9 s\u01b0u t\u1eadp \u0111\u01b0\u1ee3c kh\u1eb3ng \u0111\u1ecbnh trong t\u1eebng \u0111\u01b0\u1eddng n\u00e9t thi\u1ebft k\u1ebf c\u1ee7a \u0111\u1ed3ng h\u1ed3. \u0110\u00f3 l\u00e0 m\u1ed9t l\u1ed1i thi\u1ebft k\u1ebf t\u1ed1i gi\u1ea3n, kh\u00f4ng h\u1ec1 c\u00f3 nh\u1eefng chi ti\u1ebft thi\u1ebft k\u1ebf ph\u1ee9c t\u1ea1p m\u00e0 thay v\u00e0o \u0111\u00f3 l\u00e0 m\u1ed9t t\u1ed5ng th\u1ec3 v\u00f4 c\u00f9ng \u0111\u01a1n gi\u1ea3n, thanh l\u1ecbch.<\/p>\n<p>Xuy\u00ean su\u1ed1t t\u1eeb m\u1eb7t s\u1ed1 cho \u0111\u1ebfn \u0111\u00e2y \u0111eo l\u00e0 s\u1eafc \u0111en tuy\u1ec1n, mang \u0111\u1ebfn c\u1ea3m gi\u00e1c huy\u1ec1n b\u00ed sang tr\u1ecdng t\u1ed1i th\u01b0\u1ee3ng. V\u1edbi m\u00e0u \u0111en n\u00e0y, \u0111\u1ed3ng h\u1ed3 kh\u00f4ng h\u1ec1 k\u00e9n ch\u1ecdn \u0111\u1ed3 v\u00e0 g\u1ea7n nh\u01b0 l\u00e0 ph\u00f9 h\u1ee3p v\u1edbi t\u1ea5t c\u1ea3 v\u1edbi phong c\u00e1ch trang ph\u1ee5c c\u1ee7a ch\u1ee7 s\u1edf h\u1eefu, t\u1eeb nh\u1eefng b\u1ed9 \u0111\u1ed3 c\u00f4ng s\u1edf cho \u0111\u1ebfn nh\u1eefng b\u1ed9 \u0111\u1ed3 th\u1ec3 thao, t\u1eeb nh\u1eefng b\u1ed9 \u0111\u1ed3 m\u00e0u s\u1eafc r\u1ef1c r\u1ee1 cho \u0111\u1ebfn nh\u1eefng b\u1ed9 \u0111\u1ed3 c\u00f3 t\u00f4ng m\u00e0u tr\u1ea7m \u1ea5m.<\/p>\n<p>\u0110\u1ed3ng h\u1ed3 c\u00f3 v\u1ecf \u0111\u01b0\u1ee3c l\u00e0m t\u1eeb ch\u1ea5t li\u1ec7u titanium \u0111\u01b0\u1ee3c ho\u00e0n thi\u1ec7n \u0111\u00e1nh b\u00f3ng v\u00e0 ch\u1ea3i x\u01b0\u1edbc xen k\u1ebd mang \u0111\u1ebfn \u0111\u1ed9 t\u01b0\u01a1ng ph\u1ea3n \u1ea5n t\u01b0\u1ee3ng khi \u0111\u01b0\u1ee3c \u0111eo tr\u00ean c\u1ed5 tay ch\u1ee7 nh\u00e2n. \u0110\u1eb7c bi\u1ec7t, v\u1edbi \u0111\u01b0\u1eddng k\u00ednh v\u1ecf 42mm th\u00ec chi\u1ebfc \u0111\u1ed3ng h\u1ed3 n\u00e0y c\u00f2n th\u1eadt s\u1ef1 v\u1eeba v\u1eb7n v\u1edbi c\u1ed5 tay ph\u00e1i m\u1ea1nh, nh\u1ea5t l\u00e0 \u0111\u1ed1i v\u1edbi c\u00e1c qu\u00fd \u00f4ng Ch\u00e2u \u00c1.<\/p>\n<p>M\u1eb7t s\u1ed1 m\u00e0u \u0111\u01b0\u1ee3c thi\u1ebft k\u1ebf kh\u00e1 \u0111\u01a1n gi\u1ea3n v\u1edbi b\u1ed9 kim ch\u1ec9 gi\u1edd d\u00e1ng pencil t\u1ea1i trung t\u00e2m c\u00f9ng nh\u1eefng v\u1ea1ch ch\u1ec9 gi\u1edd t\u1ea1i s\u00e1t vi\u1ec1n v\u1ecf. M\u1ed9t \u00f4 c\u1eeda s\u1ed5 nh\u1ecf \u0111\u01b0\u1ee3c m\u1edf t\u1ea1i v\u1ecb tr\u00ed 3 cho ph\u00e9p ng\u01b0\u1eddi \u0111eo c\u00f3 th\u1ec3 nh\u1eadn bi\u1ebft l\u1ecbch ng\u00e0y ngay l\u1eadp t\u1ee9c.<\/p>\n<p>\u0110\u01b0\u1ee3c d\u1ea5u k\u00edn trong l\u1edbp v\u1ecf, b\u1ed9 m\u00e1y t\u1ef1 \u0111\u1ed9ng caliber HUB1110 ch\u1ee9a 21 ch\u00e2n k\u00ednh, t\u1ea7n s\u1ed1 dao \u0111\u1ed9ng \u0111\u1ea1t 28800vph v\u00e0 c\u00f3 m\u1ee9c d\u1ef1 tr\u1eef n\u0103ng l\u01b0\u1ee3ng l\u00ean t\u1edbi 42 gi\u1edd.<\/p>\n<p>Cu\u1ed1i c\u00f9ng, \u0111\u1ed3ng h\u1ed3 \u0111\u01b0\u1ee3c trang b\u1ecb v\u1edbi d\u00e2y \u0111eo da c\u00e1 s\u1ea5u v\u1edbi l\u1edbp l\u00f3t cao su b\u00ean trong. \u0110i\u1ec1u n\u00e0y kh\u00f4ng ch\u1ec9 mang l\u1ea1i c\u1ea3m gi\u00e1c nh\u1eb9 nh\u00e0ng tho\u1ea3i m\u00e1i khi \u0111eo m\u00e0 c\u00f2n g\u00f3p ph\u1ea7n ho\u00e0n thi\u1ec7n phong c\u00e1ch sang tr\u1ecdng thanh l\u1ecbch \u1ea5n t\u01b0\u1ee3ng c\u1ee7a \u0111\u1ed3ng h\u1ed3 tr\u00ean c\u1ed5 tay ng\u01b0\u1eddi \u0111eo.<\/p>\n","protected":false},"excerpt":{"rendered":"<ul class=\"list-unstyled\">\n<li><strong>T\u00ecnh tr\u1ea1ng :<\/strong>\u00a0\u0110ang c\u00f2n h\u00e0ng<\/li>\n<li><strong>H\u00e3ng s\u1ea3n xu\u1ea5t :<\/strong>\u00a056<\/li>\n<li><strong>Nam\/N\u1eef :<\/strong>\u00a0Nam<\/li>\n<li><strong>C\u01a1 ch\u1ebf m\u00e1y :<\/strong>\u00a0Automatic<\/li>\n<li><strong>K\u00edch th\u01b0\u1edbc :<\/strong>\u00a042mm<\/li>\n<li><strong>Ch\u1ee9c n\u0103ng :<\/strong>\u00a0Ng\u00e0y, gi\u1edd, ph\u00fat, gi\u00e2y<\/li>\n<li><strong>D\u00e2y \u0111eo :<\/strong>\u00a0D\u00e2y da c\u00e1 s\u1ea5u<\/li>\n<li><strong>T\u00ecnh tr\u1ea1ng :<\/strong>\u00a0Brand New<\/li>\n<li><strong>Ref :<\/strong>\u00a0542.NX.1171.RX<\/li>\n<li><strong>Phong c\u00e1ch :<\/strong>\u00a0Tr\u1ebb Trung,Hi\u1ec7n \u0110\u1ea1i<\/li>\n<li><strong>D\u1ef1 tr\u1eef c\u00f3t :<\/strong>\u00a042H<\/li>\n<li><strong>M\u1eb7t \u0111\u1ed3ng h\u1ed3 :<\/strong>\u00a0Sapphire<\/li>\n<li><strong>Kh\u1ea3 n\u0103ng ch\u1ed1ng n\u01b0\u1edbc :<\/strong>\u00a05 ATM<\/li>\n<li><strong>Ch\u1ea5t li\u1ec7u v\u1ecf :<\/strong>\u00a0Titanium<\/li>\n<\/ul>\n","protected":false},"featured_media":9989,"comment_status":"open","ping_status":"closed","template":"","meta":[],"product_cat":[195,320],"product_tag":[],"class_list":["post-9988","product","type-product","status-publish","has-post-thumbnail","hentry","product_cat-mens-watches","product_cat-hublot","product_brand-hublot"],"yoast_head":"<!-- This site is optimized with the Yoast SEO plugin v21.6 - https:\/\/yoast.com\/wordpress\/plugins\/seo\/ -->\n<title>Hublot Classic Fusion Titanium 42mm Black D\u00e2y Da - Phoenix Luxury<\/title>\n<meta name=\"description\" content=\"Hublot Classic Fusion Titanium 42mm l\u00e0 s\u1ef1 dung h\u00f2a gi\u1eefa nh\u1eefng y\u1ebfu t\u1ed1 th\u1ea9m m\u1ef9 lu\u00f4n h\u1ee3p th\u1eddi c\u00f9ng nh\u1eefng t\u00ednh n\u0103ng thi\u1ebft y\u1ebfu nh\u1ea5t \u0111\u1ebfn v\u1edbi ng\u01b0\u1eddi \u0111eo.\" \/>\n<meta name=\"robots\" content=\"index, follow, max-snippet:-1, max-image-preview:large, max-video-preview:-1\" \/>\n<link rel=\"canonical\" href=\"https:\/\/nishiki-cycle.com\/demo\/san-pham\/hublot-classic-fusion-titanium-42mm-black-day-da\/\" \/>\n<meta property=\"og:locale\" content=\"vi_VN\" \/>\n<meta property=\"og:type\" content=\"article\" \/>\n<meta property=\"og:title\" content=\"Hublot Classic Fusion Titanium 42mm Black D\u00e2y Da - Phoenix Luxury\" \/>\n<meta property=\"og:description\" content=\"Hublot Classic Fusion Titanium 42mm l\u00e0 s\u1ef1 dung h\u00f2a gi\u1eefa nh\u1eefng y\u1ebfu t\u1ed1 th\u1ea9m m\u1ef9 lu\u00f4n h\u1ee3p th\u1eddi c\u00f9ng nh\u1eefng t\u00ednh n\u0103ng thi\u1ebft y\u1ebfu nh\u1ea5t \u0111\u1ebfn v\u1edbi ng\u01b0\u1eddi \u0111eo.\" \/>\n<meta property=\"og:url\" content=\"https:\/\/nishiki-cycle.com\/demo\/san-pham\/hublot-classic-fusion-titanium-42mm-black-day-da\/\" \/>\n<meta property=\"og:site_name\" content=\"Phoenix Luxury\" \/>\n<meta property=\"article:modified_time\" content=\"2023-12-09T16:34:17+00:00\" \/>\n<meta property=\"og:image\" content=\"https:\/\/nishiki-cycle.com\/demo\/wp-content\/uploads\/2023\/11\/HUBLOT-CLASSIC-FUSION-TITANIUM-42MM-BLACK-DAY-DA.jpg\" \/>\n\t<meta property=\"og:image:width\" content=\"1000\" \/>\n\t<meta property=\"og:image:height\" content=\"1000\" \/>\n\t<meta property=\"og:image:type\" content=\"image\/jpeg\" \/>\n<meta name=\"twitter:card\" content=\"summary_large_image\" \/>\n<meta name=\"twitter:label1\" content=\"\u01af\u1edbc t\u00ednh th\u1eddi gian \u0111\u1ecdc\" \/>\n\t<meta name=\"twitter:data1\" content=\"3 ph\u00fat\" \/>\n<script type=\"application\/ld+json\" class=\"yoast-schema-graph\">{\"@context\":\"https:\/\/schema.org\",\"@graph\":[{\"@type\":\"WebPage\",\"@id\":\"https:\/\/nishiki-cycle.com\/demo\/san-pham\/hublot-classic-fusion-titanium-42mm-black-day-da\/\",\"url\":\"https:\/\/nishiki-cycle.com\/demo\/san-pham\/hublot-classic-fusion-titanium-42mm-black-day-da\/\",\"name\":\"Hublot Classic Fusion Titanium 42mm Black D\u00e2y Da - Phoenix Luxury\",\"isPartOf\":{\"@id\":\"https:\/\/nishiki-cycle.com\/demo\/#website\"},\"datePublished\":\"2023-11-02T16:43:42+00:00\",\"dateModified\":\"2023-12-09T16:34:17+00:00\",\"description\":\"Hublot Classic Fusion Titanium 42mm l\u00e0 s\u1ef1 dung h\u00f2a gi\u1eefa nh\u1eefng y\u1ebfu t\u1ed1 th\u1ea9m m\u1ef9 lu\u00f4n h\u1ee3p th\u1eddi c\u00f9ng nh\u1eefng t\u00ednh n\u0103ng thi\u1ebft y\u1ebfu nh\u1ea5t \u0111\u1ebfn v\u1edbi ng\u01b0\u1eddi \u0111eo.\",\"breadcrumb\":{\"@id\":\"https:\/\/nishiki-cycle.com\/demo\/san-pham\/hublot-classic-fusion-titanium-42mm-black-day-da\/#breadcrumb\"},\"inLanguage\":\"vi\",\"potentialAction\":[{\"@type\":\"ReadAction\",\"target\":[\"https:\/\/nishiki-cycle.com\/demo\/san-pham\/hublot-classic-fusion-titanium-42mm-black-day-da\/\"]}]},{\"@type\":\"BreadcrumbList\",\"@id\":\"https:\/\/nishiki-cycle.com\/demo\/san-pham\/hublot-classic-fusion-titanium-42mm-black-day-da\/#breadcrumb\",\"itemListElement\":[{\"@type\":\"ListItem\",\"position\":1,\"name\":\"Trang ch\u1ee7\",\"item\":\"https:\/\/nishiki-cycle.com\/demo\/\"},{\"@type\":\"ListItem\",\"position\":2,\"name\":\"C\u1eeda h\u00e0ng\",\"item\":\"https:\/\/nishiki-cycle.com\/demo\/cua-hang\/\"},{\"@type\":\"ListItem\",\"position\":3,\"name\":\"Hublot Classic Fusion Titanium 42mm Black D\u00e2y Da\"}]},{\"@type\":\"WebSite\",\"@id\":\"https:\/\/nishiki-cycle.com\/demo\/#website\",\"url\":\"https:\/\/nishiki-cycle.com\/demo\/\",\"name\":\"Phoenix Luxury\",\"description\":\"\",\"potentialAction\":[{\"@type\":\"SearchAction\",\"target\":{\"@type\":\"EntryPoint\",\"urlTemplate\":\"https:\/\/nishiki-cycle.com\/demo\/?s={search_term_string}\"},\"query-input\":\"required name=search_term_string\"}],\"inLanguage\":\"vi\"}]}<\/script>\n<!-- \/ Yoast SEO plugin. -->","yoast_head_json":{"title":"Hublot Classic Fusion Titanium 42mm Black D\u00e2y Da - Phoenix Luxury","description":"Hublot Classic Fusion Titanium 42mm l\u00e0 s\u1ef1 dung h\u00f2a gi\u1eefa nh\u1eefng y\u1ebfu t\u1ed1 th\u1ea9m m\u1ef9 lu\u00f4n h\u1ee3p th\u1eddi c\u00f9ng nh\u1eefng t\u00ednh n\u0103ng thi\u1ebft y\u1ebfu nh\u1ea5t \u0111\u1ebfn v\u1edbi ng\u01b0\u1eddi \u0111eo.","robots":{"index":"index","follow":"follow","max-snippet":"max-snippet:-1","max-image-preview":"max-image-preview:large","max-video-preview":"max-video-preview:-1"},"canonical":"https:\/\/nishiki-cycle.com\/demo\/san-pham\/hublot-classic-fusion-titanium-42mm-black-day-da\/","og_locale":"vi_VN","og_type":"article","og_title":"Hublot Classic Fusion Titanium 42mm Black D\u00e2y Da - Phoenix Luxury","og_description":"Hublot Classic Fusion Titanium 42mm l\u00e0 s\u1ef1 dung h\u00f2a gi\u1eefa nh\u1eefng y\u1ebfu t\u1ed1 th\u1ea9m m\u1ef9 lu\u00f4n h\u1ee3p th\u1eddi c\u00f9ng nh\u1eefng t\u00ednh n\u0103ng thi\u1ebft y\u1ebfu nh\u1ea5t \u0111\u1ebfn v\u1edbi ng\u01b0\u1eddi \u0111eo.","og_url":"https:\/\/nishiki-cycle.com\/demo\/san-pham\/hublot-classic-fusion-titanium-42mm-black-day-da\/","og_site_name":"Phoenix Luxury","article_modified_time":"2023-12-09T16:34:17+00:00","og_image":[{"width":1000,"height":1000,"url":"https:\/\/nishiki-cycle.com\/demo\/wp-content\/uploads\/2023\/11\/HUBLOT-CLASSIC-FUSION-TITANIUM-42MM-BLACK-DAY-DA.jpg","type":"image\/jpeg"}],"twitter_card":"summary_large_image","twitter_misc":{"\u01af\u1edbc t\u00ednh th\u1eddi gian \u0111\u1ecdc":"3 ph\u00fat"},"schema":{"@context":"https:\/\/schema.org","@graph":[{"@type":"WebPage","@id":"https:\/\/nishiki-cycle.com\/demo\/san-pham\/hublot-classic-fusion-titanium-42mm-black-day-da\/","url":"https:\/\/nishiki-cycle.com\/demo\/san-pham\/hublot-classic-fusion-titanium-42mm-black-day-da\/","name":"Hublot Classic Fusion Titanium 42mm Black D\u00e2y Da - Phoenix Luxury","isPartOf":{"@id":"https:\/\/nishiki-cycle.com\/demo\/#website"},"datePublished":"2023-11-02T16:43:42+00:00","dateModified":"2023-12-09T16:34:17+00:00","description":"Hublot Classic Fusion Titanium 42mm l\u00e0 s\u1ef1 dung h\u00f2a gi\u1eefa nh\u1eefng y\u1ebfu t\u1ed1 th\u1ea9m m\u1ef9 lu\u00f4n h\u1ee3p th\u1eddi c\u00f9ng nh\u1eefng t\u00ednh n\u0103ng thi\u1ebft y\u1ebfu nh\u1ea5t \u0111\u1ebfn v\u1edbi ng\u01b0\u1eddi \u0111eo.","breadcrumb":{"@id":"https:\/\/nishiki-cycle.com\/demo\/san-pham\/hublot-classic-fusion-titanium-42mm-black-day-da\/#breadcrumb"},"inLanguage":"vi","potentialAction":[{"@type":"ReadAction","target":["https:\/\/nishiki-cycle.com\/demo\/san-pham\/hublot-classic-fusion-titanium-42mm-black-day-da\/"]}]},{"@type":"BreadcrumbList","@id":"https:\/\/nishiki-cycle.com\/demo\/san-pham\/hublot-classic-fusion-titanium-42mm-black-day-da\/#breadcrumb","itemListElement":[{"@type":"ListItem","position":1,"name":"Trang ch\u1ee7","item":"https:\/\/nishiki-cycle.com\/demo\/"},{"@type":"ListItem","position":2,"name":"C\u1eeda h\u00e0ng","item":"https:\/\/nishiki-cycle.com\/demo\/cua-hang\/"},{"@type":"ListItem","position":3,"name":"Hublot Classic Fusion Titanium 42mm Black D\u00e2y Da"}]},{"@type":"WebSite","@id":"https:\/\/nishiki-cycle.com\/demo\/#website","url":"https:\/\/nishiki-cycle.com\/demo\/","name":"Phoenix Luxury","description":"","potentialAction":[{"@type":"SearchAction","target":{"@type":"EntryPoint","urlTemplate":"https:\/\/nishiki-cycle.com\/demo\/?s={search_term_string}"},"query-input":"required name=search_term_string"}],"inLanguage":"vi"}]}},"_links":{"self":[{"href":"https:\/\/nishiki-cycle.com\/demo\/wp-json\/wp\/v2\/product\/9988","targetHints":{"allow":["GET"]}}],"collection":[{"href":"https:\/\/nishiki-cycle.com\/demo\/wp-json\/wp\/v2\/product"}],"about":[{"href":"https:\/\/nishiki-cycle.com\/demo\/wp-json\/wp\/v2\/types\/product"}],"replies":[{"embeddable":true,"href":"https:\/\/nishiki-cycle.com\/demo\/wp-json\/wp\/v2\/comments?post=9988"}],"wp:featuredmedia":[{"embeddable":true,"href":"https:\/\/nishiki-cycle.com\/demo\/wp-json\/wp\/v2\/media\/9989"}],"wp:attachment":[{"href":"https:\/\/nishiki-cycle.com\/demo\/wp-json\/wp\/v2\/media?parent=9988"}],"wp:term":[{"taxonomy":"product_cat","embeddable":true,"href":"https:\/\/nishiki-cycle.com\/demo\/wp-json\/wp\/v2\/product_cat?post=9988"},{"taxonomy":"product_tag","embeddable":true,"href":"https:\/\/nishiki-cycle.com\/demo\/wp-json\/wp\/v2\/product_tag?post=9988"}],"curies":[{"name":"wp","href":"https:\/\/api.w.org\/{rel}","templated":true}]}}